{"id":38,"date":"2018-03-20T15:46:16","date_gmt":"2018-03-20T14:46:16","guid":{"rendered":"https:\/\/darmowywywozmebli.pl\/index.php\/strona-glowna\/"},"modified":"2018-10-24T15:48:13","modified_gmt":"2018-10-24T13:48:13","slug":"strona-glowna","status":"publish","type":"page","link":"https:\/\/darmowywywozmebli.pl\/","title":{"rendered":"Strona G\u0142\u00f3wna"},"content":{"rendered":"<p>[et_pb_section bb_built=&#8221;1&#8243; fullwidth=&#8221;on&#8221; _builder_version=&#8221;3.14&#8243; next_background_color=&#8221;#000000&#8243; global_module=&#8221;195&#8243;][et_pb_fullwidth_slider global_parent=&#8221;195&#8243; _builder_version=&#8221;3.11&#8243; auto=&#8221;on&#8221; auto_speed=&#8221;3800&#8243;][et_pb_slide heading=&#8221;Przyje\u017cd\u017camy, pakujemy i problem z g\u0142owy&#8221; use_bg_overlay=&#8221;on&#8221; bg_overlay_color=&#8221;rgba(0,0,0,0.41)&#8221; use_text_overlay=&#8221;off&#8221; _builder_version=&#8221;3.11&#8243; header_level=&#8221;h3&#8243; header_font=&#8221;Basic|700||on|||||&#8221; header_text_align=&#8221;center&#8221; header_font_size=&#8221;50&#8243; header_font_size_tablet=&#8221;50&#8243; header_font_size_phone=&#8221;50&#8243; header_text_color=&#8221;#ffffff&#8221; header_letter_spacing=&#8221;1px&#8221; header_letter_spacing_tablet=&#8221;1px&#8221; header_letter_spacing_phone=&#8221;1px&#8221; header_text_shadow_style=&#8221;preset1&#8243; background_image=&#8221;https:\/\/darmowywywozmebli.pl\/wp-content\/uploads\/2018\/04\/DSC_0744-1.jpg&#8221; custom_button=&#8221;off&#8221; button_on_hover=&#8221;on&#8221; button_link=&#8221;#&#8221; background_color=&#8221;#7EBEC5&#8243; use_background_color_gradient=&#8221;off&#8221; background_color_gradient_start=&#8221;#2b87da&#8221; background_color_gradient_end=&#8221;#29c4a9&#8243; background_color_gradient_type=&#8221;linear&#8221; background_color_gradient_direction=&#8221;180deg&#8221; background_color_gradient_direction_radial=&#8221;center&#8221; background_color_gradient_start_position=&#8221;0%&#8221; background_color_gradient_end_position=&#8221;100%&#8221; background_color_gradient_overlays_image=&#8221;off&#8221; parallax=&#8221;off&#8221; parallax_method=&#8221;on&#8221; background_size=&#8221;cover&#8221; background_position=&#8221;center&#8221; background_repeat=&#8221;no-repeat&#8221; background_blend=&#8221;normal&#8221; allow_player_pause=&#8221;off&#8221; background_video_pause_outside_viewport=&#8221;on&#8221; text_border_radius=&#8221;3&#8243; alignment=&#8221;center&#8221; child_filter_hue_rotate=&#8221;0deg&#8221; child_filter_saturate=&#8221;100%&#8221; child_filter_brightness=&#8221;100%&#8221; child_filter_contrast=&#8221;100%&#8221; child_filter_invert=&#8221;0%&#8221; child_filter_sepia=&#8221;0%&#8221; child_filter_opacity=&#8221;100%&#8221; child_filter_blur=&#8221;0px&#8221; child_mix_blend_mode=&#8221;normal&#8221; background_layout=&#8221;dark&#8221; text_shadow_style=&#8221;none&#8221; header_text_shadow_horizontal_length=&#8221;0em&#8221; header_text_shadow_vertical_length=&#8221;0.1em&#8221; header_text_shadow_blur_strength=&#8221;0.1em&#8221; body_text_shadow_style=&#8221;none&#8221; button_bg_use_color_gradient=&#8221;off&#8221; button_bg_color_gradient_overlays_image=&#8221;off&#8221; button_use_icon=&#8221;on&#8221; button_text_shadow_style=&#8221;none&#8221; box_shadow_style_button=&#8221;none&#8221; \/][et_pb_slide heading=&#8221; Mo\u017cliwa dop\u0142ata za rzeczy w dobrym stanie&#8221; use_bg_overlay=&#8221;on&#8221; bg_overlay_color=&#8221;rgba(0,0,0,0.41)&#8221; use_text_overlay=&#8221;off&#8221; _builder_version=&#8221;3.11&#8243; header_level=&#8221;h3&#8243; header_font=&#8221;Basic|700||on|||||&#8221; header_text_align=&#8221;center&#8221; header_font_size=&#8221;50&#8243; header_font_size_tablet=&#8221;50&#8243; header_font_size_phone=&#8221;50&#8243; header_text_color=&#8221;#ffffff&#8221; header_letter_spacing=&#8221;1px&#8221; header_letter_spacing_tablet=&#8221;1px&#8221; header_letter_spacing_phone=&#8221;1px&#8221; header_text_shadow_style=&#8221;preset1&#8243; background_image=&#8221;https:\/\/darmowywywozmebli.pl\/wp-content\/uploads\/2018\/04\/20150810_164208-1.jpg&#8221; custom_button=&#8221;off&#8221; button_on_hover=&#8221;on&#8221; button_link=&#8221;#&#8221; background_color=&#8221;#7EBEC5&#8243; use_background_color_gradient=&#8221;off&#8221; background_color_gradient_start=&#8221;#2b87da&#8221; background_color_gradient_end=&#8221;#29c4a9&#8243; background_color_gradient_type=&#8221;linear&#8221; background_color_gradient_direction=&#8221;180deg&#8221; background_color_gradient_direction_radial=&#8221;center&#8221; background_color_gradient_start_position=&#8221;0%&#8221; background_color_gradient_end_position=&#8221;100%&#8221; background_color_gradient_overlays_image=&#8221;off&#8221; parallax=&#8221;off&#8221; parallax_method=&#8221;on&#8221; background_size=&#8221;cover&#8221; background_position=&#8221;center&#8221; background_repeat=&#8221;no-repeat&#8221; background_blend=&#8221;normal&#8221; allow_player_pause=&#8221;off&#8221; background_video_pause_outside_viewport=&#8221;on&#8221; text_border_radius=&#8221;3&#8243; alignment=&#8221;center&#8221; child_filter_hue_rotate=&#8221;0deg&#8221; child_filter_saturate=&#8221;100%&#8221; child_filter_brightness=&#8221;100%&#8221; child_filter_contrast=&#8221;100%&#8221; child_filter_invert=&#8221;0%&#8221; child_filter_sepia=&#8221;0%&#8221; child_filter_opacity=&#8221;100%&#8221; child_filter_blur=&#8221;0px&#8221; child_mix_blend_mode=&#8221;normal&#8221; background_layout=&#8221;dark&#8221; text_shadow_style=&#8221;none&#8221; header_text_shadow_horizontal_length=&#8221;0em&#8221; header_text_shadow_vertical_length=&#8221;0.1em&#8221; header_text_shadow_blur_strength=&#8221;0.1em&#8221; body_text_shadow_style=&#8221;none&#8221; button_bg_use_color_gradient=&#8221;off&#8221; button_bg_color_gradient_overlays_image=&#8221;off&#8221; button_use_icon=&#8221;on&#8221; button_text_shadow_style=&#8221;none&#8221; box_shadow_style_button=&#8221;none&#8221; \/][et_pb_slide heading=&#8221;Przyje\u017cd\u017camy, pakujemy i problem z g\u0142owy&#8221; use_bg_overlay=&#8221;on&#8221; bg_overlay_color=&#8221;rgba(0,0,0,0.41)&#8221; use_text_overlay=&#8221;off&#8221; _builder_version=&#8221;3.11&#8243; header_level=&#8221;h3&#8243; header_font=&#8221;Basic|700||on|||||&#8221; header_text_align=&#8221;center&#8221; header_font_size=&#8221;50&#8243; header_font_size_tablet=&#8221;50&#8243; header_font_size_phone=&#8221;50&#8243; header_text_color=&#8221;#ffffff&#8221; header_letter_spacing=&#8221;1px&#8221; header_letter_spacing_tablet=&#8221;1px&#8221; header_letter_spacing_phone=&#8221;1px&#8221; header_text_shadow_style=&#8221;preset1&#8243; background_image=&#8221;https:\/\/darmowywywozmebli.pl\/wp-content\/uploads\/2018\/04\/794-1.jpg&#8221; custom_button=&#8221;off&#8221; button_on_hover=&#8221;on&#8221; button_link=&#8221;#&#8221; background_color=&#8221;#7EBEC5&#8243; use_background_color_gradient=&#8221;off&#8221; background_color_gradient_start=&#8221;#2b87da&#8221; background_color_gradient_end=&#8221;#29c4a9&#8243; background_color_gradient_type=&#8221;linear&#8221; background_color_gradient_direction=&#8221;180deg&#8221; background_color_gradient_direction_radial=&#8221;center&#8221; background_color_gradient_start_position=&#8221;0%&#8221; background_color_gradient_end_position=&#8221;100%&#8221; background_color_gradient_overlays_image=&#8221;off&#8221; parallax=&#8221;off&#8221; parallax_method=&#8221;on&#8221; background_size=&#8221;cover&#8221; background_position=&#8221;center&#8221; background_repeat=&#8221;no-repeat&#8221; background_blend=&#8221;normal&#8221; allow_player_pause=&#8221;off&#8221; background_video_pause_outside_viewport=&#8221;on&#8221; text_border_radius=&#8221;3&#8243; alignment=&#8221;center&#8221; child_filter_hue_rotate=&#8221;0deg&#8221; child_filter_saturate=&#8221;100%&#8221; child_filter_brightness=&#8221;100%&#8221; child_filter_contrast=&#8221;100%&#8221; child_filter_invert=&#8221;0%&#8221; child_filter_sepia=&#8221;0%&#8221; child_filter_opacity=&#8221;100%&#8221; child_filter_blur=&#8221;0px&#8221; child_mix_blend_mode=&#8221;normal&#8221; background_layout=&#8221;dark&#8221; text_shadow_style=&#8221;none&#8221; header_text_shadow_horizontal_length=&#8221;0em&#8221; header_text_shadow_vertical_length=&#8221;0.1em&#8221; header_text_shadow_blur_strength=&#8221;0.1em&#8221; body_text_shadow_style=&#8221;none&#8221; button_bg_use_color_gradient=&#8221;off&#8221; button_bg_color_gradient_overlays_image=&#8221;off&#8221; button_use_icon=&#8221;on&#8221; button_text_shadow_style=&#8221;none&#8221; box_shadow_style_button=&#8221;none&#8221; \/][et_pb_slide heading=&#8221; Mo\u017cliwa dop\u0142ata za rzeczy w dobrym stanie&#8221; use_bg_overlay=&#8221;on&#8221; bg_overlay_color=&#8221;rgba(0,0,0,0.41)&#8221; use_text_overlay=&#8221;off&#8221; _builder_version=&#8221;3.11&#8243; header_level=&#8221;h3&#8243; header_font=&#8221;Basic|700||on|||||&#8221; header_text_align=&#8221;center&#8221; header_font_size=&#8221;50&#8243; header_font_size_tablet=&#8221;50&#8243; header_font_size_phone=&#8221;50&#8243; header_text_color=&#8221;#ffffff&#8221; header_letter_spacing=&#8221;1px&#8221; header_letter_spacing_tablet=&#8221;1px&#8221; header_letter_spacing_phone=&#8221;1px&#8221; header_text_shadow_style=&#8221;preset1&#8243; background_image=&#8221;https:\/\/darmowywywozmebli.pl\/wp-content\/uploads\/2018\/04\/DSC_1140-1.jpg&#8221; custom_button=&#8221;off&#8221; button_on_hover=&#8221;on&#8221; button_link=&#8221;#&#8221; background_color=&#8221;#7EBEC5&#8243; use_background_color_gradient=&#8221;off&#8221; background_color_gradient_start=&#8221;#2b87da&#8221; background_color_gradient_end=&#8221;#29c4a9&#8243; background_color_gradient_type=&#8221;linear&#8221; background_color_gradient_direction=&#8221;180deg&#8221; background_color_gradient_direction_radial=&#8221;center&#8221; background_color_gradient_start_position=&#8221;0%&#8221; background_color_gradient_end_position=&#8221;100%&#8221; background_color_gradient_overlays_image=&#8221;off&#8221; parallax=&#8221;off&#8221; parallax_method=&#8221;on&#8221; background_size=&#8221;cover&#8221; background_position=&#8221;center&#8221; background_repeat=&#8221;no-repeat&#8221; background_blend=&#8221;normal&#8221; allow_player_pause=&#8221;off&#8221; background_video_pause_outside_viewport=&#8221;on&#8221; text_border_radius=&#8221;3&#8243; alignment=&#8221;center&#8221; child_filter_hue_rotate=&#8221;0deg&#8221; child_filter_saturate=&#8221;100%&#8221; child_filter_brightness=&#8221;100%&#8221; child_filter_contrast=&#8221;100%&#8221; child_filter_invert=&#8221;0%&#8221; child_filter_sepia=&#8221;0%&#8221; child_filter_opacity=&#8221;100%&#8221; child_filter_blur=&#8221;0px&#8221; child_mix_blend_mode=&#8221;normal&#8221; background_layout=&#8221;dark&#8221; text_shadow_style=&#8221;none&#8221; header_text_shadow_horizontal_length=&#8221;0em&#8221; header_text_shadow_vertical_length=&#8221;0.1em&#8221; header_text_shadow_blur_strength=&#8221;0.1em&#8221; body_text_shadow_style=&#8221;none&#8221; button_bg_use_color_gradient=&#8221;off&#8221; button_bg_color_gradient_overlays_image=&#8221;off&#8221; button_use_icon=&#8221;on&#8221; button_text_shadow_style=&#8221;none&#8221; box_shadow_style_button=&#8221;none&#8221; \/][\/et_pb_fullwidth_slider][\/et_pb_section][et_pb_section bb_built=&#8221;1&#8243; _builder_version=&#8221;3.0.47&#8243; prev_background_color=&#8221;#000000&#8243; next_background_color=&#8221;#000000&#8243;][et_pb_row _builder_version=&#8221;3.0.47&#8243; background_size=&#8221;initial&#8221; background_position=&#8221;top_left&#8221; background_repeat=&#8221;repeat&#8221;][et_pb_column type=&#8221;4_4&#8243;][et_pb_text _builder_version=&#8221;3.0.106&#8243;]<\/p>\n<h2 style=\"text-align: center;\"><strong>Witamy na naszej stronie<\/strong><\/h2>\n<p>[\/et_pb_text][et_pb_divider color=&#8221;#768b02&#8243; show_divider=&#8221;on&#8221; divider_style=&#8221;dotted&#8221; divider_weight=&#8221;2&#8243; _builder_version=&#8221;3.0.106&#8243;]<\/p>\n<p>&nbsp;<\/p>\n<p>[\/et_pb_divider][\/et_pb_column][\/et_pb_row][et_pb_row _builder_version=&#8221;3.0.47&#8243; background_size=&#8221;initial&#8221; background_position=&#8221;top_left&#8221; background_repeat=&#8221;repeat&#8221;][et_pb_column type=&#8221;1_2&#8243;][et_pb_text _builder_version=&#8221;3.0.106&#8243;]<\/p>\n<p><strong>Planuj\u0105 Pa\u0144stwo opr\u00f3\u017cni\u0107 mieszkanie, posprz\u0105ta\u0107 piwnice, wywie\u017a\u0107 stare meble, zrobi\u0107 przeprowadzk\u0119. Zastanawiaj\u0105 si\u0119 Pa\u0144stwo co zrobi\u0107 ze starymi lub nieu\u017cytecznymi meblami, kt\u00f3re tylko przeszkadzaj\u0105 ?<\/strong><br \/>\n<strong>Jeste\u015bmy profesjonaln\u0105 firm\u0105, kt\u00f3ra zajmuje si\u0119 wywozem mebli oraz sprz\u0119tu RTV i AGD<\/strong><\/p>\n<p>DZIA\u0141AMY NA TEREMIE WARSZAWY I OKOLIC<\/p>\n<p>[\/et_pb_text][et_pb_gallery gallery_ids=&#8221;152,139,131,109&#8243; gallery_captions=&#8221;,,,&#8221; posts_number=&#8221;4&#8243; show_title_and_caption=&#8221;off&#8221; show_pagination=&#8221;off&#8221; zoom_icon_color=&#8221;#7cda24&#8243; _builder_version=&#8221;3.0.106&#8243; pagination_font_size_tablet=&#8221;51&#8243; pagination_line_height_tablet=&#8221;2&#8243;]<\/p>\n<p>&nbsp;<\/p>\n<p>[\/et_pb_gallery][\/et_pb_column][et_pb_column type=&#8221;1_2&#8243;][et_pb_code _builder_version=&#8221;3.0.106&#8243; text_orientation=&#8221;center&#8221;]&lt;h3&gt;OBSZAR DZIA\u0141ANIA&lt;\/h3&gt;&lt;!&#8211; [et_pb_line_break_holder] &#8211;&gt;&lt;iframe src=&#8221;https:\/\/www.google.com\/maps\/embed?pb=!1m14!1m8!1m3!1d625555.2117626661!2d21.061194!3d52.232938!3m2!1i1024!2i768!4f13.1!3m3!1m2!1s0x471ecc669a869f01%3A0x72f0be2a88ead3fc!2sWarszawa!5e0!3m2!1spl!2spl!4v1521559850552&#8243; width=&#8221;600&#8243; height=&#8221;450&#8243; frameborder=&#8221;0&#8243; style=&#8221;border:0&#8243; allowfullscreen&gt;&lt;\/iframe&gt;[\/et_pb_code][\/et_pb_column][\/et_pb_row][\/et_pb_section][et_pb_section bb_built=&#8221;1&#8243; fullwidth=&#8221;on&#8221; specialty=&#8221;off&#8221; prev_background_color=&#8221;#000000&#8243; next_background_color=&#8221;#768b02&#8243; _builder_version=&#8221;3.0.106&#8243; global_module=&#8221;66&#8243;][et_pb_fullwidth_header global_parent=&#8221;66&#8243; _builder_version=&#8221;3.0.106&#8243; background_image=&#8221;https:\/\/darmowywywozmebli.pl\/wp-content\/uploads\/2018\/03\/1.jpg&#8221; parallax=&#8221;on&#8221; header_scroll_down=&#8221;off&#8221; header_fullscreen=&#8221;off&#8221; image_orientation=&#8221;center&#8221; background_layout=&#8221;light&#8221; content_orientation=&#8221;center&#8221; custom_button_one=&#8221;off&#8221; button_one_icon_placement=&#8221;right&#8221; custom_button_two=&#8221;off&#8221; button_two_icon_placement=&#8221;right&#8221; custom_css_before=&#8221;height:200px;&#8221; custom_css_main_element=&#8221;height:200px;&#8221; custom_css_after=&#8221;height:200px;&#8221; background_color=&#8221;rgba(255, 255, 255, 0)&#8221; \/][\/et_pb_section][et_pb_section bb_built=&#8221;1&#8243; background_color=&#8221;#768b02&#8243; _builder_version=&#8221;3.0.106&#8243; prev_background_color=&#8221;#ffffff&#8221; global_module=&#8221;67&#8243;][et_pb_row global_parent=&#8221;67&#8243; _builder_version=&#8221;3.0.47&#8243; background_size=&#8221;initial&#8221; background_position=&#8221;top_left&#8221; background_repeat=&#8221;repeat&#8221;][et_pb_column type=&#8221;4_4&#8243;][et_pb_text global_parent=&#8221;67&#8243; background_layout=&#8221;dark&#8221; _builder_version=&#8221;3.0.106&#8243;]<\/p>\n<h3 style=\"text-align: center;\"><strong>KONTAKT<\/strong><\/h3>\n<p>[\/et_pb_text][\/et_pb_column][\/et_pb_row][et_pb_row global_parent=&#8221;67&#8243; _builder_version=&#8221;3.0.47&#8243; background_size=&#8221;initial&#8221; background_position=&#8221;top_left&#8221; background_repeat=&#8221;repeat&#8221;][et_pb_column type=&#8221;1_2&#8243;][et_pb_blurb global_parent=&#8221;67&#8243; title=&#8221;transportmebli@interia.pl&#8221; use_icon=&#8221;on&#8221; font_icon=&#8221;%%153%%&#8221; icon_color=&#8221;#ffffff&#8221; icon_placement=&#8221;left&#8221; background_layout=&#8221;dark&#8221; _builder_version=&#8221;3.0.106&#8243; header_level=&#8221;h3&#8243;]<\/p>\n<p>&nbsp;<\/p>\n<p>[\/et_pb_blurb][et_pb_blurb global_parent=&#8221;67&#8243; title=&#8221;512-200-787&#8243; use_icon=&#8221;on&#8221; font_icon=&#8221;%%264%%&#8221; icon_color=&#8221;#ffffff&#8221; icon_placement=&#8221;left&#8221; background_layout=&#8221;dark&#8221; _builder_version=&#8221;3.0.106&#8243; header_level=&#8221;h3&#8243;]<\/p>\n<p>&nbsp;<\/p>\n<p>[\/et_pb_blurb][et_pb_blurb global_parent=&#8221;67&#8243; title=&#8221;513-182-182&#8243; use_icon=&#8221;on&#8221; font_icon=&#8221;%%264%%&#8221; icon_color=&#8221;#ffffff&#8221; icon_placement=&#8221;left&#8221; background_layout=&#8221;dark&#8221; _builder_version=&#8221;3.0.106&#8243; header_level=&#8221;h3&#8243;]<\/p>\n<p>&nbsp;<\/p>\n<p>[\/et_pb_blurb][et_pb_blurb global_parent=&#8221;67&#8243; title=&#8221;ul. Melaka 1, 04-480 Warszawa&#8221; use_icon=&#8221;on&#8221; font_icon=&#8221;%%250%%&#8221; icon_color=&#8221;#ffffff&#8221; icon_placement=&#8221;left&#8221; background_layout=&#8221;dark&#8221; _builder_version=&#8221;3.0.106&#8243; header_level=&#8221;h3&#8243;]<\/p>\n<p>&nbsp;<\/p>\n<p>[\/et_pb_blurb][\/et_pb_column][et_pb_column type=&#8221;1_2&#8243;][et_pb_contact_form global_parent=&#8221;67&#8243; captcha=&#8221;off&#8221; email=&#8221; transportmebli@interia.pl&#8221; title=&#8221;Napisz do nas&#8221; _builder_version=&#8221;3.0.106&#8243; title_text_color=&#8221;#ffffff&#8221; custom_button=&#8221;on&#8221; button_text_color=&#8221;#000000&#8243; button_bg_color=&#8221;#ffffff&#8221; button_border_radius=&#8221;50&#8243; module_id=&#8221;et_pb_contact_form_1&#8243; form_field_font=&#8221;||||||||&#8221;][et_pb_contact_field field_id=&#8221;Imi\u0119&#8221; field_title=&#8221;Imi\u0119&#8221; fullwidth_field=&#8221;on&#8221; _builder_version=&#8221;3.0.106&#8243;][\/et_pb_contact_field][et_pb_contact_field field_id=&#8221;Telefon&#8221; field_title=&#8221;Telefon&#8221; fullwidth_field=&#8221;on&#8221; _builder_version=&#8221;3.0.106&#8243;][\/et_pb_contact_field][et_pb_contact_field field_id=&#8221;Email&#8221; field_title=&#8221;Email&#8221; fullwidth_field=&#8221;on&#8221; _builder_version=&#8221;3.0.106&#8243;][\/et_pb_contact_field][et_pb_contact_field field_id=&#8221;Message&#8221; field_title=&#8221;Wiadomo\u015b\u0107&#8221; field_type=&#8221;text&#8221; fullwidth_field=&#8221;on&#8221; _builder_version=&#8221;3.0.106&#8243;][\/et_pb_contact_field][et_pb_contact_field field_id=&#8221;Wyra\u017cam_zgod\u0119&#8221; field_title=&#8221;Wyra\u017cam zgod\u0119&#8221; field_type=&#8221;checkbox&#8221; fullwidth_field=&#8221;on&#8221; _builder_version=&#8221;3.0.106&#8243; checkbox_options=&#8221;%91{%22value%22:%22 na przetwarzanie danych osobowych przez administratora danych &#8211; BP MEBLE PAWE\u0141 BENKLEWSKI, Nip: 9521796644 Zgod\u0119 udzielasz dobrowolnie w celu udzielenia odpowiedzi na Twoje zapytanie i wykonanie us\u0142ugi, a tak\u017ce sprawdzenie jako\u015bci jej wykonania. Zgoda na zbieranie danych w celach zwi\u0105zanych z prowadzon\u0105 dzia\u0142alno\u015bci\u0105 gospodarcz\u0105, w tym wystawiania i przechowywania faktur, sprzeda\u017cy i marketingu bezpo\u015bredniego. W ka\u017cdym momencie mo\u017cesz wycofa\u0107 udzielon\u0105 zgod\u0119 kontaktuj\u0105c si\u0119 pod mailem transportmebli@interia.pl%22,%22checked%22:0,%22dragID%22:0}%93&#8243; form_field_font=&#8221;||||||||&#8221; field_background_color=&#8221;#000000&#8243; form_field_text_color=&#8221;#ffffff&#8221;][\/et_pb_contact_field][\/et_pb_contact_form][\/et_pb_column][\/et_pb_row][\/et_pb_section]<\/p>\n","protected":false},"excerpt":{"rendered":"<p>Witamy na naszej stronie &nbsp; Planuj\u0105 Pa\u0144stwo opr\u00f3\u017cni\u0107 mieszkanie, posprz\u0105ta\u0107 piwnice, wywie\u017a\u0107 stare meble, zrobi\u0107 przeprowadzk\u0119. Zastanawiaj\u0105 si\u0119 Pa\u0144stwo co zrobi\u0107 ze starymi lub nieu\u017cytecznymi meblami, kt\u00f3re tylko przeszkadzaj\u0105 ? Jeste\u015bmy profesjonaln\u0105 firm\u0105, kt\u00f3ra zajmuje si\u0119 wywozem mebli oraz sprz\u0119tu RTV i AGD DZIA\u0141AMY NA TEREMIE WARSZAWY I OKOLIC &nbsp; &lt;h3&gt;OBSZAR DZIA\u0141ANIA&lt;\/h3&gt;&lt;!&#8211; [et_pb_line_break_holder] &#8211;&gt;&lt;iframe src=&#8221;https:\/\/www.google.com\/maps\/embed?pb=!1m14!1m8!1m3!1d625555.2117626661!2d21.061194!3d52.232938!3m2!1i1024!2i768!4f13.1!3m3!1m2!1s0x471ecc669a869f01%3A0x72f0be2a88ead3fc!2sWarszawa!5e0!3m2!1spl!2spl!4v1521559850552&#8243; [&hellip;]<\/p>\n","protected":false},"author":1,"featured_media":0,"parent":0,"menu_order":0,"comment_status":"closed","ping_status":"closed","template":"","meta":{"_et_pb_use_builder":"on","_et_pb_old_content":"","_et_gb_content_width":"","footnotes":""},"class_list":["post-38","page","type-page","status-publish","hentry"],"_links":{"self":[{"href":"https:\/\/darmowywywozmebli.pl\/index.php\/wp-json\/wp\/v2\/pages\/38"}],"collection":[{"href":"https:\/\/darmowywywozmebli.pl\/index.php\/wp-json\/wp\/v2\/pages"}],"about":[{"href":"https:\/\/darmowywywozmebli.pl\/index.php\/wp-json\/wp\/v2\/types\/page"}],"author":[{"embeddable":true,"href":"https:\/\/darmowywywozmebli.pl\/index.php\/wp-json\/wp\/v2\/users\/1"}],"replies":[{"embeddable":true,"href":"https:\/\/darmowywywozmebli.pl\/index.php\/wp-json\/wp\/v2\/comments?post=38"}],"version-history":[{"count":0,"href":"https:\/\/darmowywywozmebli.pl\/index.php\/wp-json\/wp\/v2\/pages\/38\/revisions"}],"wp:attachment":[{"href":"https:\/\/darmowywywozmebli.pl\/index.php\/wp-json\/wp\/v2\/media?parent=38"}],"curies":[{"name":"wp","href":"https:\/\/api.w.org\/{rel}","templated":true}]}}